{"id":413,"date":"2020-09-21T18:28:53","date_gmt":"2020-09-21T16:28:53","guid":{"rendered":"http:\/\/strahominci.eu\/?page_id=413"},"modified":"2020-09-29T10:50:47","modified_gmt":"2020-09-29T08:50:47","slug":"nauci-fotografiju","status":"publish","type":"page","link":"https:\/\/strahominci.eu\/index.php\/fotografija\/nauci-fotografiju\/","title":{"rendered":"Nau\u010di fotografiju"},"content":{"rendered":"\n<p class=\"has-white-color has-text-color has-background\" style=\"background-color:#00a1a3\">Ovdje su plakati koje koristimo na fotogrupi:<\/p>\n\n\n\n<figure class=\"wp-block-image size-large\"><img decoding=\"async\" loading=\"lazy\" width=\"1024\" height=\"732\" src=\"http:\/\/strahominci.eu\/wp-content\/uploads\/2020\/09\/edukativni_plakat_04_svjetlost-1024x732.jpg\" alt=\"\" class=\"wp-image-420\" srcset=\"https:\/\/strahominci.eu\/wp-content\/uploads\/2020\/09\/edukativni_plakat_04_svjetlost-1024x732.jpg 1024w, https:\/\/strahominci.eu\/wp-content\/uploads\/2020\/09\/edukativni_plakat_04_svjetlost-300x214.jpg 300w, https:\/\/strahominci.eu\/wp-content\/uploads\/2020\/09\/edukativni_plakat_04_svjetlost-768x549.jpg 768w, https:\/\/strahominci.eu\/wp-content\/uploads\/2020\/09\/edukativni_plakat_04_svjetlost-400x286.jpg 400w, https:\/\/strahominci.eu\/wp-content\/uploads\/2020\/09\/edukativni_plakat_04_svjetlost.jpg 1500w\" sizes=\"(max-width: 1024px) 100vw, 1024px\" \/><\/figure>\n\n\n\n<figure class=\"wp-block-image size-large\"><img decoding=\"async\" loading=\"lazy\" width=\"1024\" height=\"732\" src=\"http:\/\/strahominci.eu\/wp-content\/uploads\/2020\/09\/edukativni_plakat_03_boje-1024x732.jpg\" alt=\"\" class=\"wp-image-419\" srcset=\"https:\/\/strahominci.eu\/wp-content\/uploads\/2020\/09\/edukativni_plakat_03_boje-1024x732.jpg 1024w, https:\/\/strahominci.eu\/wp-content\/uploads\/2020\/09\/edukativni_plakat_03_boje-300x214.jpg 300w, https:\/\/strahominci.eu\/wp-content\/uploads\/2020\/09\/edukativni_plakat_03_boje-768x549.jpg 768w, https:\/\/strahominci.eu\/wp-content\/uploads\/2020\/09\/edukativni_plakat_03_boje-400x286.jpg 400w, https:\/\/strahominci.eu\/wp-content\/uploads\/2020\/09\/edukativni_plakat_03_boje.jpg 1500w\" sizes=\"(max-width: 1024px) 100vw, 1024px\" \/><\/figure>\n\n\n\n<figure class=\"wp-block-image size-large\"><img decoding=\"async\" loading=\"lazy\" width=\"1024\" height=\"732\" src=\"http:\/\/strahominci.eu\/wp-content\/uploads\/2020\/09\/edukativni_plakat_02_fotoaparat-1024x732.jpg\" alt=\"\" class=\"wp-image-418\" srcset=\"https:\/\/strahominci.eu\/wp-content\/uploads\/2020\/09\/edukativni_plakat_02_fotoaparat-1024x732.jpg 1024w, https:\/\/strahominci.eu\/wp-content\/uploads\/2020\/09\/edukativni_plakat_02_fotoaparat-300x214.jpg 300w, https:\/\/strahominci.eu\/wp-content\/uploads\/2020\/09\/edukativni_plakat_02_fotoaparat-768x549.jpg 768w, https:\/\/strahominci.eu\/wp-content\/uploads\/2020\/09\/edukativni_plakat_02_fotoaparat-400x286.jpg 400w, https:\/\/strahominci.eu\/wp-content\/uploads\/2020\/09\/edukativni_plakat_02_fotoaparat.jpg 1500w\" sizes=\"(max-width: 1024px) 100vw, 1024px\" \/><\/figure>\n\n\n\n<figure class=\"wp-block-image size-large\"><img decoding=\"async\" loading=\"lazy\" width=\"1024\" height=\"732\" src=\"http:\/\/strahominci.eu\/wp-content\/uploads\/2020\/09\/edukativni_plakat_06_ravnoteza_bijele-1024x732.jpg\" alt=\"\" class=\"wp-image-421\" srcset=\"https:\/\/strahominci.eu\/wp-content\/uploads\/2020\/09\/edukativni_plakat_06_ravnoteza_bijele-1024x732.jpg 1024w, https:\/\/strahominci.eu\/wp-content\/uploads\/2020\/09\/edukativni_plakat_06_ravnoteza_bijele-300x214.jpg 300w, https:\/\/strahominci.eu\/wp-content\/uploads\/2020\/09\/edukativni_plakat_06_ravnoteza_bijele-768x549.jpg 768w, https:\/\/strahominci.eu\/wp-content\/uploads\/2020\/09\/edukativni_plakat_06_ravnoteza_bijele-400x286.jpg 400w, https:\/\/strahominci.eu\/wp-content\/uploads\/2020\/09\/edukativni_plakat_06_ravnoteza_bijele.jpg 1500w\" sizes=\"(max-width: 1024px) 100vw, 1024px\" \/><\/figure>\n\n\n\n<figure class=\"wp-block-image size-large\"><img decoding=\"async\" loading=\"lazy\" width=\"1024\" height=\"732\" src=\"http:\/\/strahominci.eu\/wp-content\/uploads\/2020\/09\/edukativni_plakat_01_ekspozicija-1024x732.jpg\" alt=\"\" class=\"wp-image-417\" srcset=\"https:\/\/strahominci.eu\/wp-content\/uploads\/2020\/09\/edukativni_plakat_01_ekspozicija-1024x732.jpg 1024w, https:\/\/strahominci.eu\/wp-content\/uploads\/2020\/09\/edukativni_plakat_01_ekspozicija-300x214.jpg 300w, https:\/\/strahominci.eu\/wp-content\/uploads\/2020\/09\/edukativni_plakat_01_ekspozicija-768x549.jpg 768w, https:\/\/strahominci.eu\/wp-content\/uploads\/2020\/09\/edukativni_plakat_01_ekspozicija-400x286.jpg 400w, https:\/\/strahominci.eu\/wp-content\/uploads\/2020\/09\/edukativni_plakat_01_ekspozicija.jpg 1500w\" sizes=\"(max-width: 1024px) 100vw, 1024px\" \/><\/figure>\n\n\n\n<p class=\"has-pale-cyan-blue-background-color has-background\">Dok sami ne po\u010dnemo snimati tutorijale o fotografiji, morat \u0107e\u0161 se utje\u0161iti sa 17 do sad snimljenih video-lekcija na\u0161eg u\u010ditelja:<\/p>\n\n\n\n<figure class=\"wp-block-embed-youtube wp-block-embed is-type-video is-provider-youtube wp-embed-aspect-16-9 wp-has-aspect-ratio\"><div class=\"wp-block-embed__wrapper\">\n<iframe loading=\"lazy\" title=\"Osnove fotografije\" width=\"729\" height=\"410\" src=\"https:\/\/www.youtube.com\/embed\/videoseries?list=PLnPZ75fRJskOj8YTS8NW-6mWSv-MaWSiH\" frameborder=\"0\" allow=\"accelerometer; autoplay; clipboard-write; encrypted-media; gyroscope; picture-in-picture\" allowfullscreen><\/iframe>\n<\/div><\/figure>\n","protected":false},"excerpt":{"rendered":"<p>Ovdje su plakati koje koristimo na fotogrupi: Dok sami ne po\u010dnemo snimati tutorijale o fotografiji, morat \u0107e\u0161 se utje\u0161iti sa 17 do sad snimljenih video-lekcija na\u0161eg u\u010ditelja:<\/p>\n","protected":false},"author":1,"featured_media":0,"parent":255,"menu_order":2,"comment_status":"closed","ping_status":"closed","template":"","meta":{"_monsterinsights_skip_tracking":false,"_monsterinsights_sitenote_active":false,"_monsterinsights_sitenote_note":"","_monsterinsights_sitenote_category":0},"aioseo_notices":[],"_links":{"self":[{"href":"https:\/\/strahominci.eu\/index.php\/wp-json\/wp\/v2\/pages\/413"}],"collection":[{"href":"https:\/\/strahominci.eu\/index.php\/wp-json\/wp\/v2\/pages"}],"about":[{"href":"https:\/\/strahominci.eu\/index.php\/wp-json\/wp\/v2\/types\/page"}],"author":[{"embeddable":true,"href":"https:\/\/strahominci.eu\/index.php\/wp-json\/wp\/v2\/users\/1"}],"replies":[{"embeddable":true,"href":"https:\/\/strahominci.eu\/index.php\/wp-json\/wp\/v2\/comments?post=413"}],"version-history":[{"count":3,"href":"https:\/\/strahominci.eu\/index.php\/wp-json\/wp\/v2\/pages\/413\/revisions"}],"predecessor-version":[{"id":489,"href":"https:\/\/strahominci.eu\/index.php\/wp-json\/wp\/v2\/pages\/413\/revisions\/489"}],"up":[{"embeddable":true,"href":"https:\/\/strahominci.eu\/index.php\/wp-json\/wp\/v2\/pages\/255"}],"wp:attachment":[{"href":"https:\/\/strahominci.eu\/index.php\/wp-json\/wp\/v2\/media?parent=413"}],"curies":[{"name":"wp","href":"https:\/\/api.w.org\/{rel}","templated":true}]}}